{"id":2,"date":"2014-09-26T14:51:35","date_gmt":"2014-09-26T14:51:35","guid":{"rendered":"https:\/\/www.interpretus.com.hr\/en\/?page_id=2"},"modified":"2018-11-11T18:14:21","modified_gmt":"2018-11-11T18:14:21","slug":"us","status":"publish","type":"page","link":"https:\/\/www.interpretus.com.hr\/en\/","title":{"rendered":".Us"},"content":{"rendered":"<p>[et_pb_section bb_built=&#8221;1&#8243; admin_label=&#8221;section&#8221; fullwidth=&#8221;on&#8221; specialty=&#8221;off&#8221; background_color=&#8221;#ffffff&#8221; inner_shadow=&#8221;off&#8221; parallax=&#8221;off&#8221;][et_pb_fullwidth_slider background_position=&#8221;top_left&#8221; body_line_height=&#8221;2em&#8221; custom_padding=&#8221;|||&#8221; box_shadow_blur=&#8221;10px&#8221; box_shadow_color=&#8221;rgba(0,0,0,0.1)&#8221; button_text_size__hover_enabled=&#8221;off&#8221; button_text_size__hover=&#8221;null&#8221; button_one_text_size__hover_enabled=&#8221;off&#8221; button_one_text_size__hover=&#8221;null&#8221; button_two_text_size__hover_enabled=&#8221;off&#8221; button_two_text_size__hover=&#8221;null&#8221; button_text_color__hover_enabled=&#8221;off&#8221; button_text_color__hover=&#8221;null&#8221; button_one_text_color__hover_enabled=&#8221;off&#8221; button_one_text_color__hover=&#8221;null&#8221; button_two_text_color__hover_enabled=&#8221;off&#8221; button_two_text_color__hover=&#8221;null&#8221; button_border_width__hover_enabled=&#8221;off&#8221; button_border_width__hover=&#8221;null&#8221; button_one_border_width__hover_enabled=&#8221;off&#8221; button_one_border_width__hover=&#8221;null&#8221; button_two_border_width__hover_enabled=&#8221;off&#8221; button_two_border_width__hover=&#8221;null&#8221; button_border_color__hover_enabled=&#8221;off&#8221; button_border_color__hover=&#8221;null&#8221; button_one_border_color__hover_enabled=&#8221;off&#8221; button_one_border_color__hover=&#8221;null&#8221; button_two_border_color__hover_enabled=&#8221;off&#8221; button_two_border_color__hover=&#8221;null&#8221; button_border_radius__hover_enabled=&#8221;off&#8221; button_border_radius__hover=&#8221;null&#8221; button_one_border_radius__hover_enabled=&#8221;off&#8221; button_one_border_radius__hover=&#8221;null&#8221; button_two_border_radius__hover_enabled=&#8221;off&#8221; button_two_border_radius__hover=&#8221;null&#8221; button_letter_spacing__hover_enabled=&#8221;on&#8221; button_letter_spacing__hover=&#8221;0&#8243; button_one_letter_spacing__hover_enabled=&#8221;off&#8221; button_one_letter_spacing__hover=&#8221;null&#8221; button_two_letter_spacing__hover_enabled=&#8221;off&#8221; button_two_letter_spacing__hover=&#8221;null&#8221; button_bg_color__hover_enabled=&#8221;off&#8221; button_bg_color__hover=&#8221;null&#8221; button_one_bg_color__hover_enabled=&#8221;off&#8221; button_one_bg_color__hover=&#8221;null&#8221; button_two_bg_color__hover_enabled=&#8221;off&#8221; button_two_bg_color__hover=&#8221;null&#8221; _builder_version=&#8221;3.17.6&#8243;][et_pb_slide heading=&#8221;INTERPRETUS&#8221; button_text=&#8221;What we do best is&#8230;&#8221; button_link=&#8221;https:\/\/www.interpretus.com.hr\/en\/interpret-us\/&#8221; background_color=&#8221;#a27cc4&#8243; image=&#8221;https:\/\/www.interpretus.com.hr\/wp-content\/uploads\/2014\/08\/logo1.png&#8221; alignment=&#8221;center&#8221; background_layout=&#8221;dark&#8221; allow_player_pause=&#8221;off&#8221; background_position=&#8221;top_left&#8221; background_size=&#8221;cover&#8221; header_font_select=&#8221;default&#8221; body_font_select=&#8221;default&#8221; custom_button=&#8221;off&#8221; button_font_select=&#8221;default&#8221; button_use_icon=&#8221;on&#8221; button_on_hover=&#8221;on&#8221; use_bg_overlay=&#8221;off&#8221; use_text_overlay=&#8221;off&#8221; text_border_radius=&#8221;3&#8243; header_font=&#8221;||||&#8221; body_font=&#8221;||||&#8221; button_font=&#8221;||||&#8221; _builder_version=&#8221;3.17.6&#8243; url_new_window=&#8221;off&#8221; link_option_url_new_window=&#8221;off&#8221; use_background_color_gradient=&#8221;off&#8221; background_color_gradient_start=&#8221;#2b87da&#8221; background_color_gradient_end=&#8221;#29c4a9&#8243; background_color_gradient_type=&#8221;linear&#8221; background_color_gradient_direction=&#8221;180deg&#8221; background_color_gradient_direction_radial=&#8221;center&#8221; background_color_gradient_start_position=&#8221;0%&#8221; background_color_gradient_end_position=&#8221;100%&#8221; background_color_gradient_overlays_image=&#8221;off&#8221; parallax=&#8221;off&#8221; parallax_method=&#8221;on&#8221; background_repeat=&#8221;no-repeat&#8221; background_blend=&#8221;normal&#8221; background_video_pause_outside_viewport=&#8221;on&#8221; child_filter_hue_rotate=&#8221;0deg&#8221; child_filter_saturate=&#8221;100%&#8221; child_filter_brightness=&#8221;100%&#8221; child_filter_contrast=&#8221;100%&#8221; child_filter_invert=&#8221;0%&#8221; child_filter_sepia=&#8221;0%&#8221; child_filter_opacity=&#8221;100%&#8221; child_filter_blur=&#8221;0px&#8221; child_mix_blend_mode=&#8221;normal&#8221; text_shadow_style=&#8221;none&#8221; header_text_shadow_style=&#8221;none&#8221; body_text_shadow_style=&#8221;none&#8221; button_bg_use_color_gradient=&#8221;off&#8221; button_bg_color_gradient_overlays_image=&#8221;off&#8221; button_text_shadow_style=&#8221;none&#8221; box_shadow_style_button=&#8221;none&#8221; hover_transition_duration=&#8221;300ms&#8221; hover_transition_delay=&#8221;0ms&#8221; hover_transition_speed_curve=&#8221;ease&#8221;]<\/p>\n<p class=\"Tijelo\">provides services that enhance the quality, confidentiality and integrity of business communications.<\/p>\n<p>&nbsp;<\/p>\n<p>[\/et_pb_slide][\/et_pb_fullwidth_slider][\/et_pb_section]<\/p>\n","protected":false},"excerpt":{"rendered":"<p>provides services that enhance the quality, confidentiality and integrity of business communications.&nbsp;<\/p>\n","protected":false},"author":1,"featured_media":0,"parent":0,"menu_order":0,"comment_status":"closed","ping_status":"closed","template":"","meta":{"_et_pb_use_builder":"on","_et_pb_old_content":"<p>Ovo je primjer stranice. Razlikuje se od blog posta jer se stalno nalazi na istom mjestu i prikazati \u0107e se u navigaciji va\u0161e web stranice (u ve\u0107ini tema). Ve\u0107ina ljudi zapo\u010dinje sa O meni stranicom koja ih predstavlja potencijalnim posjetiteljima web stranice. Na primjer mo\u017ee sadr\u017eavati:<\/p><blockquote><p>Pozdrav! Ja sam dostavlja\u010d paket biciklom tijekom dana, nadahnuti glumac tijekom no\u0107i i ovo je moj blog. \u017divim u Vara\u017edinu, imam predobrog psa koji se zove Floki i volim pivo. (I da me ponekad ulovi ki\u0161a bez ki\u0161obrana.)<\/p><\/blockquote><p>...ili ne\u0161to kao ovo:<\/p><blockquote><p>Smradac Company je osnovana 1971., i od tada svoje kupce opskrbljuje kvalitetnim za\u0161titnim maskama za disanje. Smje\u0161ten u Gotham City, Smradac Company zapo\u0161ljava preko 2.000 ljudi i radi svakakve super stvari za ljude Gotham Citya.<\/p><\/blockquote><p>Kao novi korisnik WordPressa, trebali bi posjetiti <a href=\"https:\/\/www.interpretus.com.hr\/en\/wp-admin\/\">va\u0161u nadzornu plo\u010du<\/a> kako bi izbrisali ovu stranicu i kreirali nove stranice za va\u0161 sadr\u017eaj. Zabavi te se!<\/p>","_et_gb_content_width":"","footnotes":""},"class_list":["post-2","page","type-page","status-publish","hentry"],"_links":{"self":[{"href":"https:\/\/www.interpretus.com.hr\/en\/wp-json\/wp\/v2\/pages\/2","targetHints":{"allow":["GET"]}}],"collection":[{"href":"https:\/\/www.interpretus.com.hr\/en\/wp-json\/wp\/v2\/pages"}],"about":[{"href":"https:\/\/www.interpretus.com.hr\/en\/wp-json\/wp\/v2\/types\/page"}],"author":[{"embeddable":true,"href":"https:\/\/www.interpretus.com.hr\/en\/wp-json\/wp\/v2\/users\/1"}],"replies":[{"embeddable":true,"href":"https:\/\/www.interpretus.com.hr\/en\/wp-json\/wp\/v2\/comments?post=2"}],"version-history":[{"count":13,"href":"https:\/\/www.interpretus.com.hr\/en\/wp-json\/wp\/v2\/pages\/2\/revisions"}],"predecessor-version":[{"id":271,"href":"https:\/\/www.interpretus.com.hr\/en\/wp-json\/wp\/v2\/pages\/2\/revisions\/271"}],"wp:attachment":[{"href":"https:\/\/www.interpretus.com.hr\/en\/wp-json\/wp\/v2\/media?parent=2"}],"curies":[{"name":"wp","href":"https:\/\/api.w.org\/{rel}","templated":true}]}}